{"id":24,"date":"2020-01-24T23:46:26","date_gmt":"2020-01-24T22:46:26","guid":{"rendered":"http:\/\/nounja-aatif.com\/?page_id=24"},"modified":"2020-11-03T12:09:32","modified_gmt":"2020-11-03T11:09:32","slug":"a-propos","status":"publish","type":"page","link":"https:\/\/nounja-aatif.com\/en\/a-propos\/","title":{"rendered":"About"},"content":{"rendered":"<div class=\"wp-block-group\"><div class=\"wp-block-group__inner-container is-layout-flow wp-block-group-is-layout-flow\">\n<p style=\"font-size:18px\">I was born in Toulouse, in the South West of France, in the middle of the 90s. Living in Le Havre, Normandy, the root of my work is travels, nature and landscapes - the natural or urban ones. <\/p>\n\n\n\n<p style=\"font-size:18px\">Even if I've always found an interest in art, I've developed my passion for Photography and travels during my Erasmus year at Manchester, United-Kingdom. It's at this moment that I truly began to capture what surrounded me and to discover the Old Continent. My vocation as a Photographer was born.<\/p>\n<\/div><\/div>\n\n\n\n<div class=\"wp-block-image\"><figure class=\"aligncenter size-large is-resized\"><img data-recalc-dims=\"1\" loading=\"lazy\" decoding=\"async\" src=\"https:\/\/i0.wp.com\/nounja-aatif.com\/wp-content\/uploads\/2020\/07\/Ile-aux-oiseaux-2.jpg?resize=461%2C307&#038;ssl=1\" alt=\"\" class=\"wp-image-493\" width=\"461\" height=\"307\" srcset=\"https:\/\/i0.wp.com\/nounja-aatif.com\/wp-content\/uploads\/2020\/07\/Ile-aux-oiseaux-2-scaled.jpg?resize=1024%2C683&amp;ssl=1 1024w, https:\/\/i0.wp.com\/nounja-aatif.com\/wp-content\/uploads\/2020\/07\/Ile-aux-oiseaux-2-scaled.jpg?resize=300%2C200&amp;ssl=1 300w, https:\/\/i0.wp.com\/nounja-aatif.com\/wp-content\/uploads\/2020\/07\/Ile-aux-oiseaux-2-scaled.jpg?resize=150%2C100&amp;ssl=1 150w, https:\/\/i0.wp.com\/nounja-aatif.com\/wp-content\/uploads\/2020\/07\/Ile-aux-oiseaux-2-scaled.jpg?resize=768%2C512&amp;ssl=1 768w, https:\/\/i0.wp.com\/nounja-aatif.com\/wp-content\/uploads\/2020\/07\/Ile-aux-oiseaux-2-scaled.jpg?resize=500%2C333&amp;ssl=1 500w, https:\/\/i0.wp.com\/nounja-aatif.com\/wp-content\/uploads\/2020\/07\/Ile-aux-oiseaux-2-scaled.jpg?resize=800%2C533&amp;ssl=1 800w, https:\/\/i0.wp.com\/nounja-aatif.com\/wp-content\/uploads\/2020\/07\/Ile-aux-oiseaux-2-scaled.jpg?resize=1280%2C853&amp;ssl=1 1280w, https:\/\/i0.wp.com\/nounja-aatif.com\/wp-content\/uploads\/2020\/07\/Ile-aux-oiseaux-2-scaled.jpg?resize=1920%2C1280&amp;ssl=1 1920w, https:\/\/i0.wp.com\/nounja-aatif.com\/wp-content\/uploads\/2020\/07\/Ile-aux-oiseaux-2-scaled.jpg?resize=1536%2C1024&amp;ssl=1 1536w, https:\/\/i0.wp.com\/nounja-aatif.com\/wp-content\/uploads\/2020\/07\/Ile-aux-oiseaux-2-scaled.jpg?resize=2048%2C1365&amp;ssl=1 2048w, https:\/\/i0.wp.com\/nounja-aatif.com\/wp-content\/uploads\/2020\/07\/Ile-aux-oiseaux-2-scaled.jpg?resize=1084%2C723&amp;ssl=1 1084w, https:\/\/i0.wp.com\/nounja-aatif.com\/wp-content\/uploads\/2020\/07\/Ile-aux-oiseaux-2-scaled.jpg?resize=361%2C241&amp;ssl=1 361w, https:\/\/i0.wp.com\/nounja-aatif.com\/wp-content\/uploads\/2020\/07\/Ile-aux-oiseaux-2-scaled.jpg?resize=600%2C400&amp;ssl=1 600w, https:\/\/i0.wp.com\/nounja-aatif.com\/wp-content\/uploads\/2020\/07\/Ile-aux-oiseaux-2-scaled.jpg?w=2168&amp;ssl=1 2168w\" sizes=\"auto, (max-width: 461px) 100vw, 461px\" \/><\/figure><\/div>","protected":false},"excerpt":{"rendered":"<p>Je suis n\u00e9e \u00e0 Toulouse, dans le Sud-Ouest de la France, en plein milieu des ann\u00e9es 90. Vivant au Havre, en Normandie, la base de&#8230;<\/p>","protected":false},"author":1,"featured_media":0,"parent":0,"menu_order":0,"comment_status":"closed","ping_status":"closed","template":"","meta":{"footnotes":""},"class_list":["post-24","page","type-page","status-publish","hentry"],"yoast_head":"<!-- This site is optimized with the Yoast SEO plugin v27.4 - https:\/\/yoast.com\/product\/yoast-seo-wordpress\/ -->\n<title>A Propos - Nounja AATIF<\/title>\n<meta name=\"robots\" content=\"index, follow, max-snippet:-1, max-image-preview:large, max-video-preview:-1\" \/>\n<link rel=\"canonical\" href=\"https:\/\/nounja-aatif.com\/en\/a-propos\/\" \/>\n<meta property=\"og:locale\" content=\"en_GB\" \/>\n<meta property=\"og:type\" content=\"article\" \/>\n<meta property=\"og:title\" content=\"A Propos - Nounja AATIF\" \/>\n<meta property=\"og:description\" content=\"Je suis n\u00e9e \u00e0 Toulouse, dans le Sud-Ouest de la France, en plein milieu des ann\u00e9es 90. Vivant au Havre, en Normandie, la base de...\" \/>\n<meta property=\"og:url\" content=\"https:\/\/nounja-aatif.com\/en\/a-propos\/\" \/>\n<meta property=\"og:site_name\" content=\"Nounja AATIF\" \/>\n<meta property=\"article:modified_time\" content=\"2020-11-03T11:09:32+00:00\" \/>\n<meta property=\"og:image\" content=\"https:\/\/nounja-aatif.com\/wp-content\/uploads\/2020\/07\/Ile-aux-oiseaux-2-1024x683.jpg\" \/>\n<meta name=\"twitter:card\" content=\"summary_large_image\" \/>\n<script type=\"application\/ld+json\" class=\"yoast-schema-graph\">{\"@context\":\"https:\\\/\\\/schema.org\",\"@graph\":[{\"@type\":\"WebPage\",\"@id\":\"https:\\\/\\\/nounja-aatif.com\\\/a-propos\\\/\",\"url\":\"https:\\\/\\\/nounja-aatif.com\\\/a-propos\\\/\",\"name\":\"A Propos - Nounja AATIF\",\"isPartOf\":{\"@id\":\"https:\\\/\\\/nounja-aatif.com\\\/#website\"},\"primaryImageOfPage\":{\"@id\":\"https:\\\/\\\/nounja-aatif.com\\\/a-propos\\\/#primaryimage\"},\"image\":{\"@id\":\"https:\\\/\\\/nounja-aatif.com\\\/a-propos\\\/#primaryimage\"},\"thumbnailUrl\":\"https:\\\/\\\/nounja-aatif.com\\\/wp-content\\\/uploads\\\/2020\\\/07\\\/Ile-aux-oiseaux-2-1024x683.jpg\",\"datePublished\":\"2020-01-24T22:46:26+00:00\",\"dateModified\":\"2020-11-03T11:09:32+00:00\",\"breadcrumb\":{\"@id\":\"https:\\\/\\\/nounja-aatif.com\\\/a-propos\\\/#breadcrumb\"},\"inLanguage\":\"en-GB\",\"potentialAction\":[{\"@type\":\"ReadAction\",\"target\":[\"https:\\\/\\\/nounja-aatif.com\\\/a-propos\\\/\"]}]},{\"@type\":\"ImageObject\",\"inLanguage\":\"en-GB\",\"@id\":\"https:\\\/\\\/nounja-aatif.com\\\/a-propos\\\/#primaryimage\",\"url\":\"https:\\\/\\\/nounja-aatif.com\\\/wp-content\\\/uploads\\\/2020\\\/07\\\/Ile-aux-oiseaux-2-1024x683.jpg\",\"contentUrl\":\"https:\\\/\\\/nounja-aatif.com\\\/wp-content\\\/uploads\\\/2020\\\/07\\\/Ile-aux-oiseaux-2-1024x683.jpg\"},{\"@type\":\"BreadcrumbList\",\"@id\":\"https:\\\/\\\/nounja-aatif.com\\\/a-propos\\\/#breadcrumb\",\"itemListElement\":[{\"@type\":\"ListItem\",\"position\":1,\"name\":\"Accueil\",\"item\":\"https:\\\/\\\/nounja-aatif.com\\\/\"},{\"@type\":\"ListItem\",\"position\":2,\"name\":\"A Propos\"}]},{\"@type\":\"WebSite\",\"@id\":\"https:\\\/\\\/nounja-aatif.com\\\/#website\",\"url\":\"https:\\\/\\\/nounja-aatif.com\\\/\",\"name\":\"Nounja AATIF\",\"description\":\"Photographe voyage, nature, paysages et abstrait\",\"publisher\":{\"@id\":\"https:\\\/\\\/nounja-aatif.com\\\/#\\\/schema\\\/person\\\/92953c34c5ae8c0c3fa2b21dd1898a22\"},\"potentialAction\":[{\"@type\":\"SearchAction\",\"target\":{\"@type\":\"EntryPoint\",\"urlTemplate\":\"https:\\\/\\\/nounja-aatif.com\\\/?s={search_term_string}\"},\"query-input\":{\"@type\":\"PropertyValueSpecification\",\"valueRequired\":true,\"valueName\":\"search_term_string\"}}],\"inLanguage\":\"en-GB\"},{\"@type\":[\"Person\",\"Organization\"],\"@id\":\"https:\\\/\\\/nounja-aatif.com\\\/#\\\/schema\\\/person\\\/92953c34c5ae8c0c3fa2b21dd1898a22\",\"name\":\"Nounja AATIF\",\"image\":{\"@type\":\"ImageObject\",\"inLanguage\":\"en-GB\",\"@id\":\"https:\\\/\\\/i0.wp.com\\\/nounja-aatif.com\\\/wp-content\\\/uploads\\\/2024\\\/05\\\/Logo-Fond-perdu.png?fit=1181%2C1181&ssl=1\",\"url\":\"https:\\\/\\\/i0.wp.com\\\/nounja-aatif.com\\\/wp-content\\\/uploads\\\/2024\\\/05\\\/Logo-Fond-perdu.png?fit=1181%2C1181&ssl=1\",\"contentUrl\":\"https:\\\/\\\/i0.wp.com\\\/nounja-aatif.com\\\/wp-content\\\/uploads\\\/2024\\\/05\\\/Logo-Fond-perdu.png?fit=1181%2C1181&ssl=1\",\"width\":1181,\"height\":1181,\"caption\":\"Nounja AATIF\"},\"logo\":{\"@id\":\"https:\\\/\\\/i0.wp.com\\\/nounja-aatif.com\\\/wp-content\\\/uploads\\\/2024\\\/05\\\/Logo-Fond-perdu.png?fit=1181%2C1181&ssl=1\"}}]}<\/script>\n<!-- \/ Yoast SEO plugin. -->","yoast_head_json":{"title":"A Propos - Nounja AATIF","robots":{"index":"index","follow":"follow","max-snippet":"max-snippet:-1","max-image-preview":"max-image-preview:large","max-video-preview":"max-video-preview:-1"},"canonical":"https:\/\/nounja-aatif.com\/en\/a-propos\/","og_locale":"en_GB","og_type":"article","og_title":"A Propos - Nounja AATIF","og_description":"Je suis n\u00e9e \u00e0 Toulouse, dans le Sud-Ouest de la France, en plein milieu des ann\u00e9es 90. Vivant au Havre, en Normandie, la base de...","og_url":"https:\/\/nounja-aatif.com\/en\/a-propos\/","og_site_name":"Nounja AATIF","article_modified_time":"2020-11-03T11:09:32+00:00","og_image":[{"url":"https:\/\/nounja-aatif.com\/wp-content\/uploads\/2020\/07\/Ile-aux-oiseaux-2-1024x683.jpg","type":"","width":"","height":""}],"twitter_card":"summary_large_image","schema":{"@context":"https:\/\/schema.org","@graph":[{"@type":"WebPage","@id":"https:\/\/nounja-aatif.com\/a-propos\/","url":"https:\/\/nounja-aatif.com\/a-propos\/","name":"A Propos - Nounja AATIF","isPartOf":{"@id":"https:\/\/nounja-aatif.com\/#website"},"primaryImageOfPage":{"@id":"https:\/\/nounja-aatif.com\/a-propos\/#primaryimage"},"image":{"@id":"https:\/\/nounja-aatif.com\/a-propos\/#primaryimage"},"thumbnailUrl":"https:\/\/nounja-aatif.com\/wp-content\/uploads\/2020\/07\/Ile-aux-oiseaux-2-1024x683.jpg","datePublished":"2020-01-24T22:46:26+00:00","dateModified":"2020-11-03T11:09:32+00:00","breadcrumb":{"@id":"https:\/\/nounja-aatif.com\/a-propos\/#breadcrumb"},"inLanguage":"en-GB","potentialAction":[{"@type":"ReadAction","target":["https:\/\/nounja-aatif.com\/a-propos\/"]}]},{"@type":"ImageObject","inLanguage":"en-GB","@id":"https:\/\/nounja-aatif.com\/a-propos\/#primaryimage","url":"https:\/\/nounja-aatif.com\/wp-content\/uploads\/2020\/07\/Ile-aux-oiseaux-2-1024x683.jpg","contentUrl":"https:\/\/nounja-aatif.com\/wp-content\/uploads\/2020\/07\/Ile-aux-oiseaux-2-1024x683.jpg"},{"@type":"BreadcrumbList","@id":"https:\/\/nounja-aatif.com\/a-propos\/#breadcrumb","itemListElement":[{"@type":"ListItem","position":1,"name":"Accueil","item":"https:\/\/nounja-aatif.com\/"},{"@type":"ListItem","position":2,"name":"A Propos"}]},{"@type":"WebSite","@id":"https:\/\/nounja-aatif.com\/#website","url":"https:\/\/nounja-aatif.com\/","name":"Nounja AATIF","description":"Nature, travel &amp; landscapes photographer","publisher":{"@id":"https:\/\/nounja-aatif.com\/#\/schema\/person\/92953c34c5ae8c0c3fa2b21dd1898a22"},"potentialAction":[{"@type":"SearchAction","target":{"@type":"EntryPoint","urlTemplate":"https:\/\/nounja-aatif.com\/?s={search_term_string}"},"query-input":{"@type":"PropertyValueSpecification","valueRequired":true,"valueName":"search_term_string"}}],"inLanguage":"en-GB"},{"@type":["Person","Organization"],"@id":"https:\/\/nounja-aatif.com\/#\/schema\/person\/92953c34c5ae8c0c3fa2b21dd1898a22","name":"Nounja AATIF","image":{"@type":"ImageObject","inLanguage":"en-GB","@id":"https:\/\/i0.wp.com\/nounja-aatif.com\/wp-content\/uploads\/2024\/05\/Logo-Fond-perdu.png?fit=1181%2C1181&ssl=1","url":"https:\/\/i0.wp.com\/nounja-aatif.com\/wp-content\/uploads\/2024\/05\/Logo-Fond-perdu.png?fit=1181%2C1181&ssl=1","contentUrl":"https:\/\/i0.wp.com\/nounja-aatif.com\/wp-content\/uploads\/2024\/05\/Logo-Fond-perdu.png?fit=1181%2C1181&ssl=1","width":1181,"height":1181,"caption":"Nounja AATIF"},"logo":{"@id":"https:\/\/i0.wp.com\/nounja-aatif.com\/wp-content\/uploads\/2024\/05\/Logo-Fond-perdu.png?fit=1181%2C1181&ssl=1"}}]}},"jetpack_sharing_enabled":true,"jetpack-related-posts":[],"_links":{"self":[{"href":"https:\/\/nounja-aatif.com\/en\/wp-json\/wp\/v2\/pages\/24","targetHints":{"allow":["GET"]}}],"collection":[{"href":"https:\/\/nounja-aatif.com\/en\/wp-json\/wp\/v2\/pages"}],"about":[{"href":"https:\/\/nounja-aatif.com\/en\/wp-json\/wp\/v2\/types\/page"}],"author":[{"embeddable":true,"href":"https:\/\/nounja-aatif.com\/en\/wp-json\/wp\/v2\/users\/1"}],"replies":[{"embeddable":true,"href":"https:\/\/nounja-aatif.com\/en\/wp-json\/wp\/v2\/comments?post=24"}],"version-history":[{"count":0,"href":"https:\/\/nounja-aatif.com\/en\/wp-json\/wp\/v2\/pages\/24\/revisions"}],"wp:attachment":[{"href":"https:\/\/nounja-aatif.com\/en\/wp-json\/wp\/v2\/media?parent=24"}],"curies":[{"name":"wp","href":"https:\/\/api.w.org\/{rel}","templated":true}]}}