{"id":17255,"date":"2024-05-25T18:21:44","date_gmt":"2024-05-25T16:21:44","guid":{"rendered":"https:\/\/nounja-aatif.com\/?post_type=product&#038;p=17255"},"modified":"2025-07-17T10:27:59","modified_gmt":"2025-07-17T08:27:59","slug":"photographie-danemark-aarhus-abstrait-bell","status":"publish","type":"product","link":"https:\/\/nounja-aatif.com\/en\/boutique\/photographie-danemark-aarhus-abstrait-bell\/","title":{"rendered":"Bell"},"content":{"rendered":"<p>Abstract coloured photography of the inside of a bell, taken in 2019 at Dokk1 in Aarhus, Denmark.<\/p>\n<p>There are 2 types of photographies sold on the website.<\/p>\n<p>There are reproductions (prints), hot printed on a 300g silk-like coated paper (semi-matte).<\/p>\n<p>Available in A5 and A4. Send by Lettre suivie (letter) in France and worldwide. Prices are without shipping fees.<\/p>\n<p>Un tirage d&rsquo;art (fine art) peut aussi \u00eatre choisi, imprim\u00e9 sur papier Canson\u00ae Edition Etching Rag 310 g\/m\u00b2, finition mat, en 120 x 80 cm. Vendu num\u00e9rot\u00e9, sign\u00e9 et avec un certificat d&rsquo;authenticit\u00e9.<\/p>\n<p>Send by Colissimo against signature in France and worldwide. Prices are without shipping fees and frame.<\/p>\n<p>Other photos of Denmark are available in the shop. <a href=\"https:\/\/nounja-aatif.com\/en\/boutique\/\">the shop<\/a>.<\/p>\n<p>Find all the photos on the Instagram account <a href=\"https:\/\/www.instagram.com\/nounja.aatif\">@nounja.aatif<\/a>.<\/p>","protected":false},"excerpt":{"rendered":"<p>Coloured photography, Aarhus, Denmark, 2019.<\/p>\n<p>Available in Fine Art Print or Print.<\/p>\n<p>Send by Collissimo (French Parcel Service) for Fine Art or by Lettre suivie (letter with a tracking number). Prices are without shipping fees.<\/p>","protected":false},"featured_media":902,"template":"","meta":[],"product_brand":[],"product_cat":[148,172,149],"product_tag":[208,152,64,206,217,181,185,193,194,195,216,186,151,182],"class_list":{"0":"post-17255","1":"product","2":"type-product","3":"status-publish","4":"has-post-thumbnail","6":"product_cat-photographies-abstrait","7":"product_cat-photographies-danemark","8":"product_cat-photographies-urbain","9":"product_tag-abstract","10":"product_tag-abstrait","11":"product_tag-danemark","12":"product_tag-denmark","13":"product_tag-fine-art","14":"product_tag-photographie","15":"product_tag-photography","16":"product_tag-print","17":"product_tag-reproduction","18":"product_tag-street","19":"product_tag-tirage-dart","20":"product_tag-travel","21":"product_tag-urbain","22":"product_tag-voyage","23":"pa_taille-repros-a4","24":"pa_taille-repros-a5","25":"pa_taille-repros-tirages-dart","27":"first","28":"instock","29":"shipping-taxable","30":"purchasable","31":"product-type-variable"},"yoast_head":"<!-- This site is optimized with the Yoast SEO plugin v27.4 - https:\/\/yoast.com\/product\/yoast-seo-wordpress\/ -->\n<title>Photographie Aarhus Danemark, 2019 (Bell) - Nounja AATIF<\/title>\n<meta name=\"description\" content=\"&quot;Bell&quot; - Photographie couleurs, Aarhus, Danemark, 2019. Disponible en reproduction aux formats A5\/A4 ou en tirage d&#039;art en 120 x 80 cm.\" \/>\n<meta name=\"robots\" content=\"index, follow, max-snippet:-1, max-image-preview:large, max-video-preview:-1\" \/>\n<link rel=\"canonical\" href=\"https:\/\/nounja-aatif.com\/en\/boutique\/photographie-danemark-aarhus-abstrait-bell\/\" \/>\n<meta property=\"og:locale\" content=\"en_GB\" \/>\n<meta property=\"og:type\" content=\"article\" \/>\n<meta property=\"og:title\" content=\"Photographie Aarhus Danemark, 2019 (Bell) - Nounja AATIF\" \/>\n<meta property=\"og:description\" content=\"&quot;Bell&quot; - Photographie couleurs, Aarhus, Danemark, 2019. Disponible en reproduction aux formats A5\/A4 ou en tirage d&#039;art en 120 x 80 cm.\" \/>\n<meta property=\"og:url\" content=\"https:\/\/nounja-aatif.com\/en\/boutique\/photographie-danemark-aarhus-abstrait-bell\/\" \/>\n<meta property=\"og:site_name\" content=\"Nounja AATIF\" \/>\n<meta property=\"article:modified_time\" content=\"2025-07-17T08:27:59+00:00\" \/>\n<meta property=\"og:image\" content=\"https:\/\/nounja-aatif.com\/wp-content\/uploads\/2020\/01\/Bell-1-scaled.jpg\" \/>\n\t<meta property=\"og:image:width\" content=\"2560\" \/>\n\t<meta property=\"og:image:height\" content=\"1707\" \/>\n\t<meta property=\"og:image:type\" content=\"image\/jpeg\" \/>\n<meta name=\"twitter:card\" content=\"summary_large_image\" \/>\n<meta name=\"twitter:label1\" content=\"Estimated reading time\" \/>\n\t<meta name=\"twitter:data1\" content=\"2 minutes\" \/>\n<script type=\"application\/ld+json\" class=\"yoast-schema-graph\">{\"@context\":\"https:\\\/\\\/schema.org\",\"@graph\":[{\"@type\":\"WebPage\",\"@id\":\"https:\\\/\\\/nounja-aatif.com\\\/boutique\\\/photographie-danemark-aarhus-abstrait-bell\\\/\",\"url\":\"https:\\\/\\\/nounja-aatif.com\\\/boutique\\\/photographie-danemark-aarhus-abstrait-bell\\\/\",\"name\":\"Photographie Aarhus Danemark, 2019 (Bell) - Nounja AATIF\",\"isPartOf\":{\"@id\":\"https:\\\/\\\/nounja-aatif.com\\\/#website\"},\"primaryImageOfPage\":{\"@id\":\"https:\\\/\\\/nounja-aatif.com\\\/boutique\\\/photographie-danemark-aarhus-abstrait-bell\\\/#primaryimage\"},\"image\":{\"@id\":\"https:\\\/\\\/nounja-aatif.com\\\/boutique\\\/photographie-danemark-aarhus-abstrait-bell\\\/#primaryimage\"},\"thumbnailUrl\":\"https:\\\/\\\/i0.wp.com\\\/nounja-aatif.com\\\/wp-content\\\/uploads\\\/2020\\\/01\\\/Bell-1-scaled.jpg?fit=2560%2C1707&ssl=1\",\"datePublished\":\"2024-05-25T16:21:44+00:00\",\"dateModified\":\"2025-07-17T08:27:59+00:00\",\"description\":\"\\\"Bell\\\" - Photographie couleurs, Aarhus, Danemark, 2019. Disponible en reproduction aux formats A5\\\/A4 ou en tirage d'art en 120 x 80 cm.\",\"breadcrumb\":{\"@id\":\"https:\\\/\\\/nounja-aatif.com\\\/boutique\\\/photographie-danemark-aarhus-abstrait-bell\\\/#breadcrumb\"},\"inLanguage\":\"en-GB\",\"potentialAction\":[{\"@type\":\"ReadAction\",\"target\":[\"https:\\\/\\\/nounja-aatif.com\\\/boutique\\\/photographie-danemark-aarhus-abstrait-bell\\\/\"]}]},{\"@type\":\"ImageObject\",\"inLanguage\":\"en-GB\",\"@id\":\"https:\\\/\\\/nounja-aatif.com\\\/boutique\\\/photographie-danemark-aarhus-abstrait-bell\\\/#primaryimage\",\"url\":\"https:\\\/\\\/i0.wp.com\\\/nounja-aatif.com\\\/wp-content\\\/uploads\\\/2020\\\/01\\\/Bell-1-scaled.jpg?fit=2560%2C1707&ssl=1\",\"contentUrl\":\"https:\\\/\\\/i0.wp.com\\\/nounja-aatif.com\\\/wp-content\\\/uploads\\\/2020\\\/01\\\/Bell-1-scaled.jpg?fit=2560%2C1707&ssl=1\",\"width\":2560,\"height\":1707,\"caption\":\"Photographie en couleur de l'int\u00e9rieur d'une cloche morderne du Dokk1, prise en 2019 \u00e0 Aarhus, au Danemark\"},{\"@type\":\"BreadcrumbList\",\"@id\":\"https:\\\/\\\/nounja-aatif.com\\\/boutique\\\/photographie-danemark-aarhus-abstrait-bell\\\/#breadcrumb\",\"itemListElement\":[{\"@type\":\"ListItem\",\"position\":1,\"name\":\"Accueil\",\"item\":\"https:\\\/\\\/nounja-aatif.com\\\/\"},{\"@type\":\"ListItem\",\"position\":2,\"name\":\"Bell\"}]},{\"@type\":\"WebSite\",\"@id\":\"https:\\\/\\\/nounja-aatif.com\\\/#website\",\"url\":\"https:\\\/\\\/nounja-aatif.com\\\/\",\"name\":\"Nounja AATIF\",\"description\":\"Photographe voyage, nature, paysages et abstrait\",\"publisher\":{\"@id\":\"https:\\\/\\\/nounja-aatif.com\\\/#\\\/schema\\\/person\\\/92953c34c5ae8c0c3fa2b21dd1898a22\"},\"potentialAction\":[{\"@type\":\"SearchAction\",\"target\":{\"@type\":\"EntryPoint\",\"urlTemplate\":\"https:\\\/\\\/nounja-aatif.com\\\/?s={search_term_string}\"},\"query-input\":{\"@type\":\"PropertyValueSpecification\",\"valueRequired\":true,\"valueName\":\"search_term_string\"}}],\"inLanguage\":\"en-GB\"},{\"@type\":[\"Person\",\"Organization\"],\"@id\":\"https:\\\/\\\/nounja-aatif.com\\\/#\\\/schema\\\/person\\\/92953c34c5ae8c0c3fa2b21dd1898a22\",\"name\":\"Nounja AATIF\",\"image\":{\"@type\":\"ImageObject\",\"inLanguage\":\"en-GB\",\"@id\":\"https:\\\/\\\/i0.wp.com\\\/nounja-aatif.com\\\/wp-content\\\/uploads\\\/2024\\\/05\\\/Logo-Fond-perdu.png?fit=1181%2C1181&ssl=1\",\"url\":\"https:\\\/\\\/i0.wp.com\\\/nounja-aatif.com\\\/wp-content\\\/uploads\\\/2024\\\/05\\\/Logo-Fond-perdu.png?fit=1181%2C1181&ssl=1\",\"contentUrl\":\"https:\\\/\\\/i0.wp.com\\\/nounja-aatif.com\\\/wp-content\\\/uploads\\\/2024\\\/05\\\/Logo-Fond-perdu.png?fit=1181%2C1181&ssl=1\",\"width\":1181,\"height\":1181,\"caption\":\"Nounja AATIF\"},\"logo\":{\"@id\":\"https:\\\/\\\/i0.wp.com\\\/nounja-aatif.com\\\/wp-content\\\/uploads\\\/2024\\\/05\\\/Logo-Fond-perdu.png?fit=1181%2C1181&ssl=1\"}}]}<\/script>\n<!-- \/ Yoast SEO plugin. -->","yoast_head_json":{"title":"Photographie Aarhus Danemark, 2019 (Bell) - Nounja AATIF","description":"\"Bell\" - Photographie couleurs, Aarhus, Danemark, 2019. Disponible en reproduction aux formats A5\/A4 ou en tirage d'art en 120 x 80 cm.","robots":{"index":"index","follow":"follow","max-snippet":"max-snippet:-1","max-image-preview":"max-image-preview:large","max-video-preview":"max-video-preview:-1"},"canonical":"https:\/\/nounja-aatif.com\/en\/boutique\/photographie-danemark-aarhus-abstrait-bell\/","og_locale":"en_GB","og_type":"article","og_title":"Photographie Aarhus Danemark, 2019 (Bell) - Nounja AATIF","og_description":"\"Bell\" - Photographie couleurs, Aarhus, Danemark, 2019. Disponible en reproduction aux formats A5\/A4 ou en tirage d'art en 120 x 80 cm.","og_url":"https:\/\/nounja-aatif.com\/en\/boutique\/photographie-danemark-aarhus-abstrait-bell\/","og_site_name":"Nounja AATIF","article_modified_time":"2025-07-17T08:27:59+00:00","og_image":[{"width":2560,"height":1707,"url":"https:\/\/nounja-aatif.com\/wp-content\/uploads\/2020\/01\/Bell-1-scaled.jpg","type":"image\/jpeg"}],"twitter_card":"summary_large_image","twitter_misc":{"Estimated reading time":"2 minutes"},"schema":{"@context":"https:\/\/schema.org","@graph":[{"@type":"WebPage","@id":"https:\/\/nounja-aatif.com\/boutique\/photographie-danemark-aarhus-abstrait-bell\/","url":"https:\/\/nounja-aatif.com\/boutique\/photographie-danemark-aarhus-abstrait-bell\/","name":"Photographie Aarhus Danemark, 2019 (Bell) - Nounja AATIF","isPartOf":{"@id":"https:\/\/nounja-aatif.com\/#website"},"primaryImageOfPage":{"@id":"https:\/\/nounja-aatif.com\/boutique\/photographie-danemark-aarhus-abstrait-bell\/#primaryimage"},"image":{"@id":"https:\/\/nounja-aatif.com\/boutique\/photographie-danemark-aarhus-abstrait-bell\/#primaryimage"},"thumbnailUrl":"https:\/\/i0.wp.com\/nounja-aatif.com\/wp-content\/uploads\/2020\/01\/Bell-1-scaled.jpg?fit=2560%2C1707&ssl=1","datePublished":"2024-05-25T16:21:44+00:00","dateModified":"2025-07-17T08:27:59+00:00","description":"\"Bell\" - Photographie couleurs, Aarhus, Danemark, 2019. Disponible en reproduction aux formats A5\/A4 ou en tirage d'art en 120 x 80 cm.","breadcrumb":{"@id":"https:\/\/nounja-aatif.com\/boutique\/photographie-danemark-aarhus-abstrait-bell\/#breadcrumb"},"inLanguage":"en-GB","potentialAction":[{"@type":"ReadAction","target":["https:\/\/nounja-aatif.com\/boutique\/photographie-danemark-aarhus-abstrait-bell\/"]}]},{"@type":"ImageObject","inLanguage":"en-GB","@id":"https:\/\/nounja-aatif.com\/boutique\/photographie-danemark-aarhus-abstrait-bell\/#primaryimage","url":"https:\/\/i0.wp.com\/nounja-aatif.com\/wp-content\/uploads\/2020\/01\/Bell-1-scaled.jpg?fit=2560%2C1707&ssl=1","contentUrl":"https:\/\/i0.wp.com\/nounja-aatif.com\/wp-content\/uploads\/2020\/01\/Bell-1-scaled.jpg?fit=2560%2C1707&ssl=1","width":2560,"height":1707,"caption":"Photographie en couleur de l'int\u00e9rieur d'une cloche morderne du Dokk1, prise en 2019 \u00e0 Aarhus, au Danemark"},{"@type":"BreadcrumbList","@id":"https:\/\/nounja-aatif.com\/boutique\/photographie-danemark-aarhus-abstrait-bell\/#breadcrumb","itemListElement":[{"@type":"ListItem","position":1,"name":"Accueil","item":"https:\/\/nounja-aatif.com\/"},{"@type":"ListItem","position":2,"name":"Bell"}]},{"@type":"WebSite","@id":"https:\/\/nounja-aatif.com\/#website","url":"https:\/\/nounja-aatif.com\/","name":"Nounja AATIF","description":"Nature, travel &amp; landscapes photographer","publisher":{"@id":"https:\/\/nounja-aatif.com\/#\/schema\/person\/92953c34c5ae8c0c3fa2b21dd1898a22"},"potentialAction":[{"@type":"SearchAction","target":{"@type":"EntryPoint","urlTemplate":"https:\/\/nounja-aatif.com\/?s={search_term_string}"},"query-input":{"@type":"PropertyValueSpecification","valueRequired":true,"valueName":"search_term_string"}}],"inLanguage":"en-GB"},{"@type":["Person","Organization"],"@id":"https:\/\/nounja-aatif.com\/#\/schema\/person\/92953c34c5ae8c0c3fa2b21dd1898a22","name":"Nounja AATIF","image":{"@type":"ImageObject","inLanguage":"en-GB","@id":"https:\/\/i0.wp.com\/nounja-aatif.com\/wp-content\/uploads\/2024\/05\/Logo-Fond-perdu.png?fit=1181%2C1181&ssl=1","url":"https:\/\/i0.wp.com\/nounja-aatif.com\/wp-content\/uploads\/2024\/05\/Logo-Fond-perdu.png?fit=1181%2C1181&ssl=1","contentUrl":"https:\/\/i0.wp.com\/nounja-aatif.com\/wp-content\/uploads\/2024\/05\/Logo-Fond-perdu.png?fit=1181%2C1181&ssl=1","width":1181,"height":1181,"caption":"Nounja AATIF"},"logo":{"@id":"https:\/\/i0.wp.com\/nounja-aatif.com\/wp-content\/uploads\/2024\/05\/Logo-Fond-perdu.png?fit=1181%2C1181&ssl=1"}}]}},"jetpack_sharing_enabled":true,"jetpack-related-posts":[],"_links":{"self":[{"href":"https:\/\/nounja-aatif.com\/en\/wp-json\/wp\/v2\/product\/17255","targetHints":{"allow":["GET"]}}],"collection":[{"href":"https:\/\/nounja-aatif.com\/en\/wp-json\/wp\/v2\/product"}],"about":[{"href":"https:\/\/nounja-aatif.com\/en\/wp-json\/wp\/v2\/types\/product"}],"wp:featuredmedia":[{"embeddable":true,"href":"https:\/\/nounja-aatif.com\/en\/wp-json\/wp\/v2\/media\/902"}],"wp:attachment":[{"href":"https:\/\/nounja-aatif.com\/en\/wp-json\/wp\/v2\/media?parent=17255"}],"wp:term":[{"taxonomy":"product_brand","embeddable":true,"href":"https:\/\/nounja-aatif.com\/en\/wp-json\/wp\/v2\/product_brand?post=17255"},{"taxonomy":"product_cat","embeddable":true,"href":"https:\/\/nounja-aatif.com\/en\/wp-json\/wp\/v2\/product_cat?post=17255"},{"taxonomy":"product_tag","embeddable":true,"href":"https:\/\/nounja-aatif.com\/en\/wp-json\/wp\/v2\/product_tag?post=17255"}],"curies":[{"name":"wp","href":"https:\/\/api.w.org\/{rel}","templated":true}]}}